{"id":3,"date":"2022-07-13T14:09:58","date_gmt":"2022-07-13T14:09:58","guid":{"rendered":"https:\/\/webpresencetmp.wpenginepowered.com\/?page_id=3"},"modified":"2025-12-09T21:30:27","modified_gmt":"2025-12-09T21:30:27","slug":"privacy-policy","status":"publish","type":"page","link":"https:\/\/www.adcolegage.com\/es\/privacy-policy\/","title":{"rendered":"Pol\u00edtica de privacidad"},"content":{"rendered":"\t\t<div data-elementor-type=\"wp-page\" data-elementor-id=\"3\" class=\"elementor elementor-3\" data-elementor-post-type=\"page\">\n\t\t\t\t<div class=\"elementor-element elementor-element-75dccccb e-flex e-con-boxed e-con e-parent\" data-id=\"75dccccb\" data-element_type=\"container\" data-e-type=\"container\">\n\t\t\t\t\t<div class=\"e-con-inner\">\n\t\t\t\t<div class=\"elementor-element elementor-element-415de719 elementor-widget elementor-widget-text-editor\" data-id=\"415de719\" data-element_type=\"widget\" data-e-type=\"widget\" data-widget_type=\"text-editor.default\">\n\t\t\t\t<div class=\"elementor-widget-container\">\n\t\t\t\t\t\t\t\t\t<div class=\"row page-header-no-bg\" data-alignment=\"left\"><div class=\"container\"><div class=\"col span_12 section-title\"><h1><span style=\"font-size: 16px;\">Fecha de entrada en vigor: 12 de julio de 2018<\/span><\/h1><\/div><\/div><\/div><div class=\"container-wrap\"><div class=\"container main-content\" role=\"main\"><div class=\"row\"><p>Adcole, LLC (\u00abnosotros\u00bb, \u00abnos\u00bb o \u00abnuestro\u00bb) opera el sitio web www.adcole.com (el \u00abServicio\u00bb).<\/p><p>Esta p\u00e1gina le informa sobre nuestras pol\u00edticas con respecto a la recopilaci\u00f3n, el uso y la divulgaci\u00f3n de datos personales cuando utiliza nuestro Servicio y las opciones que tiene asociadas a esos datos.<\/p><p>Utilizamos sus datos para proporcionar y mejorar el Servicio. Al utilizar el Servicio, usted acepta la recopilaci\u00f3n y el uso de informaci\u00f3n de acuerdo con esta pol\u00edtica. A menos que se defina lo contrario en esta Pol\u00edtica de privacidad, los t\u00e9rminos utilizados en esta Pol\u00edtica de privacidad tienen el mismo significado que en nuestros T\u00e9rminos y condiciones, accesibles desde www.adcole.com<\/p><h2>Recopilaci\u00f3n y uso de la informaci\u00f3n<\/h2><p>Recopilamos varios tipos de informaci\u00f3n con diversos fines para proporcionarle y mejorar nuestro Servicio.<\/p><h2>Tipos de datos recopilados<\/h2><h4>Datos personales<\/h4><p>Mientras utiliza nuestro Servicio, es posible que le pidamos que nos proporcione cierta informaci\u00f3n de identificaci\u00f3n personal que puede utilizarse para contactarle o identificarle (\u00abDatos personales\u00bb). La informaci\u00f3n de identificaci\u00f3n personal puede incluir, entre otros:<\/p><ul><li>Direcci\u00f3n de correo electr\u00f3nico<\/li><li>Nombre y apellidos<\/li><li>Cookies y datos de uso<\/li><\/ul><h4>Datos de uso<\/h4><p>Tambi\u00e9n podemos recopilar informaci\u00f3n sobre c\u00f3mo se accede y se utiliza el Servicio (\u00abDatos de uso\u00bb). Estos Datos de uso pueden incluir informaci\u00f3n como la direcci\u00f3n del Protocolo de Internet de su ordenador (por ejemplo, la direcci\u00f3n IP), el tipo de navegador, la versi\u00f3n del navegador, las p\u00e1ginas de nuestro Servicio que visita, la hora y la fecha de su visita, el tiempo que pasa en esas p\u00e1ginas, los identificadores \u00fanicos del dispositivo y otros datos de diagn\u00f3stico.<\/p><h4>Datos de seguimiento y cookies<\/h4><p>Utilizamos cookies y tecnolog\u00edas de seguimiento similares para rastrear la actividad en nuestro Servicio y conservar cierta informaci\u00f3n.<\/p><p>Las cookies son archivos con una peque\u00f1a cantidad de datos que pueden incluir un identificador \u00fanico an\u00f3nimo. Las cookies se env\u00edan a su navegador desde un sitio web y se almacenan en su dispositivo. Las tecnolog\u00edas de seguimiento que tambi\u00e9n se utilizan son balizas, etiquetas y scripts para recopilar y rastrear informaci\u00f3n y para mejorar y analizar nuestro Servicio.<\/p><p>Puede configurar su navegador para que rechace todas las cookies o para que le avise cuando se env\u00eda una cookie. Sin embargo, si no acepta las cookies, es posible que no pueda utilizar algunas partes de nuestro Servicio.<\/p><p>Examples of Cookies we use:<\/p><ul><li><strong>Cookies de sesi\u00f3n. <\/strong>Utilizamos cookies de sesi\u00f3n para operar nuestro Servicio.<\/li><li><strong>Cookies de preferencias. <\/strong>Utilizamos cookies de preferencias para recordar sus preferencias y diversos ajustes.<\/li><li><strong>Cookies de seguridad. <\/strong>Utilizamos cookies de seguridad por motivos de seguridad.<\/li><\/ul><h2>Uso de los datos<\/h2><p>Adcole, LLC utiliza los datos recopilados para diversos fines:<\/p><ul><li>Para proporcionar y mantener el Servicio<\/li><li>Para notificarle sobre cambios en nuestro Servicio<\/li><li>Para permitirle participar en las funciones interactivas de nuestro Servicio cuando lo desee<\/li><li>Para proporcionar atenci\u00f3n al cliente y asistencia<\/li><li>Para proporcionar an\u00e1lisis o informaci\u00f3n valiosa que nos permita mejorar el Servicio<\/li><li>Para supervisar el uso del Servicio<\/li><li>Para detectar, prevenir y resolver problemas t\u00e9cnicos<\/li><\/ul><h2>Transferencia de datos<\/h2><p>Su informaci\u00f3n, incluidos los Datos personales, puede transferirse y conservarse en ordenadores ubicados fuera de su estado, provincia, pa\u00eds u otra jurisdicci\u00f3n gubernamental, donde las leyes de protecci\u00f3n de datos pueden diferir de las de su jurisdicci\u00f3n.<\/p><p>Si se encuentra fuera de los Estados Unidos y decide proporcionarnos informaci\u00f3n, tenga en cuenta que transferimos los datos, incluidos los datos personales, a los Estados Unidos y los procesamos all\u00ed.<\/p><p>Su consentimiento a esta Pol\u00edtica de privacidad, seguido del env\u00edo de dicha informaci\u00f3n, representa su aceptaci\u00f3n de dicha transferencia.<\/p><p>Adcole, LLC tomar\u00e1 todas las medidas razonablemente necesarias para garantizar que sus datos se traten de forma segura y de acuerdo con esta Pol\u00edtica de privacidad, y no se realizar\u00e1 ninguna transferencia de sus datos personales a una organizaci\u00f3n o pa\u00eds a menos que existan controles adecuados, incluida la seguridad de sus datos y otra informaci\u00f3n personal.<\/p><h2>Divulgaci\u00f3n de datos<\/h2><h4>Requisitos legales<\/h4><p>Adcole, LLC puede divulgar sus datos personales si cree de buena fe que dicha acci\u00f3n es necesaria para:<\/p><ul><li>Cumplir con una obligaci\u00f3n legal<\/li><li>Proteger y defender los derechos o la propiedad de Adcole, LLC<\/li><li>Prevenir o investigar posibles irregularidades en relaci\u00f3n con el Servicio<\/li><li>Proteger la seguridad personal de los usuarios del Servicio o del p\u00fablico<\/li><li>Proteger contra la responsabilidad legal<\/li><\/ul><h2>Seguridad de los datos<\/h2><p>La seguridad de sus datos es importante para nosotros, pero recuerde que ning\u00fan m\u00e9todo de transmisi\u00f3n por Internet ni m\u00e9todo de almacenamiento electr\u00f3nico es 100 % seguro. Aunque nos esforzamos por utilizar medios comercialmente aceptables para proteger sus datos personales, no podemos garantizar su seguridad absoluta.<\/p><h2>Proveedores de servicios<\/h2><p>Podemos contratar a terceras empresas y personas para facilitar nuestro Servicio (\u00abProveedores de servicios\u00bb), para prestar el Servicio en nuestro nombre, para realizar servicios relacionados con el Servicio o para ayudarnos a analizar c\u00f3mo se utiliza nuestro Servicio.<\/p><p>Estos terceros tienen acceso a sus datos personales \u00fanicamente para realizar estas tareas en nuestro nombre y est\u00e1n obligados a no divulgarlos ni utilizarlos para ning\u00fan otro fin.<\/p><h4>Anal\u00edtica<\/h4><p>Podemos utilizar proveedores de servicios externos para supervisar y analizar el uso de nuestro Servicio.<\/p><ul><li><strong>Google Analytics<\/strong> es un servicio de an\u00e1lisis web ofrecido por Google que rastrea e informa sobre el tr\u00e1fico del sitio web. Google utiliza los datos recopilados para rastrear y supervisar el uso de nuestro Servicio. Estos datos se comparten con otros servicios de Google. Google puede utilizar los datos recopilados para contextualizar y personalizar los anuncios de su propia red publicitaria.<\/li><li>Puede optar por que su actividad en el Servicio no est\u00e9 disponible para Google Analytics instalando el complemento de inhabilitaci\u00f3n para navegadores de Google Analytics. El complemento impide que el JavaScript de Google Analytics (ga.js, analytics.js y dc.js) comparta informaci\u00f3n con Google Analytics sobre la actividad de las visitas.<\/li><li>Para obtener m\u00e1s informaci\u00f3n sobre las pr\u00e1cticas de privacidad de Google, visite la p\u00e1gina web de Privacidad y condiciones de Google: https:\/\/policies.google.com\/privacy?hl=en<\/li><\/ul><h2>Enlaces a otros sitios<\/h2><p>Nuestro Servicio puede contener enlaces a otros sitios que no son operados por nosotros. Si hace clic en un enlace de un tercero, se le dirigir\u00e1 al sitio de ese tercero. Le recomendamos encarecidamente que revise la Pol\u00edtica de privacidad de cada sitio que visite.<\/p><p>No tenemos control ni asumimos ninguna responsabilidad por el contenido, las pol\u00edticas de privacidad o las pr\u00e1cticas de los sitios o servicios de terceros.<\/p><h2>Privacidad de los ni\u00f1os<\/h2><p>Nuestro Servicio no est\u00e1 dirigido a menores de 18 a\u00f1os (\u00abNi\u00f1os\u00bb).<\/p><p>No recopilamos deliberadamente informaci\u00f3n de identificaci\u00f3n personal de menores de 18 a\u00f1os. Si usted es padre, madre o tutor y sabe que sus Ni\u00f1os nos han proporcionado Datos personales, p\u00f3ngase en contacto con nosotros. Si descubrimos que hemos recopilado Datos personales de ni\u00f1os sin verificar el consentimiento de los padres, tomaremos medidas para eliminar esa informaci\u00f3n de nuestros servidores.<\/p><h2>Cambios en esta pol\u00edtica de privacidad<\/h2><p>Podemos actualizar nuestra Pol\u00edtica de privacidad de vez en cuando. Le notificaremos cualquier cambio mediante la publicaci\u00f3n de la nueva Pol\u00edtica de privacidad en esta p\u00e1gina.<\/p><p>Le informaremos por correo electr\u00f3nico y\/o mediante un aviso destacado en nuestro Servicio, antes de que el cambio entre en vigor, y actualizaremos la \u00abfecha de entrada en vigor\u00bb que figura en la parte superior de esta Pol\u00edtica de privacidad.<\/p><p>Le recomendamos que revise esta Pol\u00edtica de privacidad peri\u00f3dicamente para conocer cualquier cambio. Los cambios en esta Pol\u00edtica de privacidad entran en vigor cuando se publican en esta p\u00e1gina.<\/p><h2>Cont\u00e1ctenos<\/h2><p>Si tiene alguna pregunta sobre esta Pol\u00edtica de privacidad, p\u00f3ngase <a href=\"https:\/\/www.adcolegage.com\/es\/contact\/\">en contacto con nosotros<\/a>.<\/p><\/div><\/div><\/div><p><!-- \/wp:paragraph --><\/p>\t\t\t\t\t\t\t\t<\/div>\n\t\t\t\t<\/div>\n\t\t\t\t\t<\/div>\n\t\t\t\t<\/div>\n\t\t\t\t<\/div>\n\t\t","protected":false},"excerpt":{"rendered":"<p>Fecha de entrada en vigor: 12 de julio de 2018 Adcole, LLC (\u00abnosotros\u00bb, \u00abnos\u00bb o \u00abnuestro\u00bb) opera el sitio web www.adcole.com (el \u00abServicio\u00bb). Esta p\u00e1gina le informa sobre nuestras pol\u00edticas con respecto a la recopilaci\u00f3n, el uso y la divulgaci\u00f3n de datos personales cuando utiliza nuestro Servicio y las opciones que tiene asociadas a esos [&hellip;]<\/p>\n","protected":false},"author":1,"featured_media":0,"parent":0,"menu_order":0,"comment_status":"closed","ping_status":"closed","template":"","meta":{"inline_featured_image":false,"site-sidebar-layout":"default","site-content-layout":"","ast-site-content-layout":"default","site-content-style":"default","site-sidebar-style":"default","ast-global-header-display":"","ast-banner-title-visibility":"","ast-main-header-display":"","ast-hfb-above-header-display":"","ast-hfb-below-header-display":"","ast-hfb-mobile-header-display":"","site-post-title":"","ast-breadcrumbs-content":"","ast-featured-img":"","footer-sml-layout":"","ast-disable-related-posts":"","theme-transparent-header-meta":"","adv-header-id-meta":"","stick-header-meta":"","header-above-stick-meta":"","header-main-stick-meta":"","header-below-stick-meta":"","astra-migrate-meta-layouts":"set","ast-page-background-enabled":"default","ast-page-background-meta":{"desktop":{"background-color":"var(--ast-global-color-4)","background-image":"","background-repeat":"repeat","background-position":"center center","background-size":"auto","background-attachment":"scroll","background-type":"","background-media":"","overlay-type":"","overlay-color":"","overlay-opacity":"","overlay-gradient":""},"tablet":{"background-color":"","background-image":"","background-repeat":"repeat","background-position":"center center","background-size":"auto","background-attachment":"scroll","background-type":"","background-media":"","overlay-type":"","overlay-color":"","overlay-opacity":"","overlay-gradient":""},"mobile":{"background-color":"","background-image":"","background-repeat":"repeat","background-position":"center center","background-size":"auto","background-attachment":"scroll","background-type":"","background-media":"","overlay-type":"","overlay-color":"","overlay-opacity":"","overlay-gradient":""}},"ast-content-background-meta":{"desktop":{"background-color":"var(--ast-global-color-5)","background-image":"","background-repeat":"repeat","background-position":"center center","background-size":"auto","background-attachment":"scroll","background-type":"","background-media":"","overlay-type":"","overlay-color":"","overlay-opacity":"","overlay-gradient":""},"tablet":{"background-color":"var(--ast-global-color-5)","background-image":"","background-repeat":"repeat","background-position":"center center","background-size":"auto","background-attachment":"scroll","background-type":"","background-media":"","overlay-type":"","overlay-color":"","overlay-opacity":"","overlay-gradient":""},"mobile":{"background-color":"var(--ast-global-color-5)","background-image":"","background-repeat":"repeat","background-position":"center center","background-size":"auto","background-attachment":"scroll","background-type":"","background-media":"","overlay-type":"","overlay-color":"","overlay-opacity":"","overlay-gradient":""}},"footnotes":""},"class_list":["post-3","page","type-page","status-publish","hentry"],"yoast_head":"<!-- This site is optimized with the Yoast SEO plugin v27.5 - https:\/\/yoast.com\/product\/yoast-seo-wordpress\/ -->\n<title>Pol\u00edtica de privacidad | Adcole LLC<\/title>\n<meta name=\"robots\" content=\"index, follow, max-snippet:-1, max-image-preview:large, max-video-preview:-1\" \/>\n<link rel=\"canonical\" href=\"https:\/\/www.adcolegage.com\/es\/privacy-policy\/\" \/>\n<meta property=\"og:locale\" content=\"es_MX\" \/>\n<meta property=\"og:type\" content=\"article\" \/>\n<meta property=\"og:title\" content=\"Pol\u00edtica de privacidad | Adcole LLC\" \/>\n<meta property=\"og:description\" content=\"Fecha de entrada en vigor: 12 de julio de 2018 Adcole, LLC (\u00abnosotros\u00bb, \u00abnos\u00bb o \u00abnuestro\u00bb) opera el sitio web www.adcole.com (el \u00abServicio\u00bb). Esta p\u00e1gina le informa sobre nuestras pol\u00edticas con respecto a la recopilaci\u00f3n, el uso y la divulgaci\u00f3n de datos personales cuando utiliza nuestro Servicio y las opciones que tiene asociadas a esos [&hellip;]\" \/>\n<meta property=\"og:url\" content=\"https:\/\/www.adcolegage.com\/es\/privacy-policy\/\" \/>\n<meta property=\"og:site_name\" content=\"Spanish\" \/>\n<meta property=\"article:modified_time\" content=\"2025-12-09T21:30:27+00:00\" \/>\n<meta name=\"twitter:card\" content=\"summary_large_image\" \/>\n<meta name=\"twitter:label1\" content=\"Est. reading time\" \/>\n\t<meta name=\"twitter:data1\" content=\"6 minutos\" \/>\n<script type=\"application\/ld+json\" class=\"yoast-schema-graph\">{\"@context\":\"https:\\\/\\\/schema.org\",\"@graph\":[{\"@type\":\"WebPage\",\"@id\":\"https:\\\/\\\/www.adcolegage.com\\\/es\\\/privacy-policy\\\/\",\"url\":\"https:\\\/\\\/www.adcolegage.com\\\/es\\\/privacy-policy\\\/\",\"name\":\"Pol\u00edtica de privacidad | Adcole LLC\",\"isPartOf\":{\"@id\":\"https:\\\/\\\/www.adcolegage.com\\\/es\\\/#website\"},\"datePublished\":\"2022-07-13T14:09:58+00:00\",\"dateModified\":\"2025-12-09T21:30:27+00:00\",\"breadcrumb\":{\"@id\":\"https:\\\/\\\/www.adcolegage.com\\\/es\\\/privacy-policy\\\/#breadcrumb\"},\"inLanguage\":\"es\",\"potentialAction\":[{\"@type\":\"ReadAction\",\"target\":[\"https:\\\/\\\/www.adcolegage.com\\\/es\\\/privacy-policy\\\/\"]}]},{\"@type\":\"BreadcrumbList\",\"@id\":\"https:\\\/\\\/www.adcolegage.com\\\/es\\\/privacy-policy\\\/#breadcrumb\",\"itemListElement\":[{\"@type\":\"ListItem\",\"position\":1,\"name\":\"Home\",\"item\":\"https:\\\/\\\/www.adcolegage.com\\\/es\\\/\"},{\"@type\":\"ListItem\",\"position\":2,\"name\":\"Pol\u00edtica de privacidad\"}]},{\"@type\":\"WebSite\",\"@id\":\"https:\\\/\\\/www.adcolegage.com\\\/es\\\/#website\",\"url\":\"https:\\\/\\\/www.adcolegage.com\\\/es\\\/\",\"name\":\"Adcole LLC\",\"description\":\"Trusted Accuracy\",\"publisher\":{\"@id\":\"https:\\\/\\\/www.adcolegage.com\\\/es\\\/#organization\"},\"potentialAction\":[{\"@type\":\"SearchAction\",\"target\":{\"@type\":\"EntryPoint\",\"urlTemplate\":\"https:\\\/\\\/www.adcolegage.com\\\/es\\\/?s={search_term_string}\"},\"query-input\":{\"@type\":\"PropertyValueSpecification\",\"valueRequired\":true,\"valueName\":\"search_term_string\"}}],\"inLanguage\":\"es\"},{\"@type\":\"Organization\",\"@id\":\"https:\\\/\\\/www.adcolegage.com\\\/es\\\/#organization\",\"name\":\"Adcole LLC\",\"url\":\"https:\\\/\\\/www.adcolegage.com\\\/es\\\/\",\"logo\":{\"@type\":\"ImageObject\",\"inLanguage\":\"es\",\"@id\":\"https:\\\/\\\/www.adcolegage.com\\\/es\\\/#\\\/schema\\\/logo\\\/image\\\/\",\"url\":\"https:\\\/\\\/www.adcolegage.com\\\/es\\\/wp-content\\\/uploads\\\/sites\\\/13\\\/2024\\\/10\\\/adcole-logo.svg\",\"contentUrl\":\"https:\\\/\\\/www.adcolegage.com\\\/es\\\/wp-content\\\/uploads\\\/sites\\\/13\\\/2024\\\/10\\\/adcole-logo.svg\",\"width\":208,\"height\":36,\"caption\":\"Adcole LLC\"},\"image\":{\"@id\":\"https:\\\/\\\/www.adcolegage.com\\\/es\\\/#\\\/schema\\\/logo\\\/image\\\/\"}}]}<\/script>\n<!-- \/ Yoast SEO plugin. -->","yoast_head_json":{"title":"Pol\u00edtica de privacidad | Adcole LLC","robots":{"index":"index","follow":"follow","max-snippet":"max-snippet:-1","max-image-preview":"max-image-preview:large","max-video-preview":"max-video-preview:-1"},"canonical":"https:\/\/www.adcolegage.com\/es\/privacy-policy\/","og_locale":"es_MX","og_type":"article","og_title":"Pol\u00edtica de privacidad | Adcole LLC","og_description":"Fecha de entrada en vigor: 12 de julio de 2018 Adcole, LLC (\u00abnosotros\u00bb, \u00abnos\u00bb o \u00abnuestro\u00bb) opera el sitio web www.adcole.com (el \u00abServicio\u00bb). Esta p\u00e1gina le informa sobre nuestras pol\u00edticas con respecto a la recopilaci\u00f3n, el uso y la divulgaci\u00f3n de datos personales cuando utiliza nuestro Servicio y las opciones que tiene asociadas a esos [&hellip;]","og_url":"https:\/\/www.adcolegage.com\/es\/privacy-policy\/","og_site_name":"Spanish","article_modified_time":"2025-12-09T21:30:27+00:00","twitter_card":"summary_large_image","twitter_misc":{"Est. reading time":"6 minutos"},"schema":{"@context":"https:\/\/schema.org","@graph":[{"@type":"WebPage","@id":"https:\/\/www.adcolegage.com\/es\/privacy-policy\/","url":"https:\/\/www.adcolegage.com\/es\/privacy-policy\/","name":"Pol\u00edtica de privacidad | Adcole LLC","isPartOf":{"@id":"https:\/\/www.adcolegage.com\/es\/#website"},"datePublished":"2022-07-13T14:09:58+00:00","dateModified":"2025-12-09T21:30:27+00:00","breadcrumb":{"@id":"https:\/\/www.adcolegage.com\/es\/privacy-policy\/#breadcrumb"},"inLanguage":"es","potentialAction":[{"@type":"ReadAction","target":["https:\/\/www.adcolegage.com\/es\/privacy-policy\/"]}]},{"@type":"BreadcrumbList","@id":"https:\/\/www.adcolegage.com\/es\/privacy-policy\/#breadcrumb","itemListElement":[{"@type":"ListItem","position":1,"name":"Home","item":"https:\/\/www.adcolegage.com\/es\/"},{"@type":"ListItem","position":2,"name":"Pol\u00edtica de privacidad"}]},{"@type":"WebSite","@id":"https:\/\/www.adcolegage.com\/es\/#website","url":"https:\/\/www.adcolegage.com\/es\/","name":"Adcole LLC","description":"Trusted Accuracy","publisher":{"@id":"https:\/\/www.adcolegage.com\/es\/#organization"},"potentialAction":[{"@type":"SearchAction","target":{"@type":"EntryPoint","urlTemplate":"https:\/\/www.adcolegage.com\/es\/?s={search_term_string}"},"query-input":{"@type":"PropertyValueSpecification","valueRequired":true,"valueName":"search_term_string"}}],"inLanguage":"es"},{"@type":"Organization","@id":"https:\/\/www.adcolegage.com\/es\/#organization","name":"Adcole LLC","url":"https:\/\/www.adcolegage.com\/es\/","logo":{"@type":"ImageObject","inLanguage":"es","@id":"https:\/\/www.adcolegage.com\/es\/#\/schema\/logo\/image\/","url":"https:\/\/www.adcolegage.com\/es\/wp-content\/uploads\/sites\/13\/2024\/10\/adcole-logo.svg","contentUrl":"https:\/\/www.adcolegage.com\/es\/wp-content\/uploads\/sites\/13\/2024\/10\/adcole-logo.svg","width":208,"height":36,"caption":"Adcole LLC"},"image":{"@id":"https:\/\/www.adcolegage.com\/es\/#\/schema\/logo\/image\/"}}]}},"_links":{"self":[{"href":"https:\/\/www.adcolegage.com\/es\/wp-json\/wp\/v2\/pages\/3","targetHints":{"allow":["GET"]}}],"collection":[{"href":"https:\/\/www.adcolegage.com\/es\/wp-json\/wp\/v2\/pages"}],"about":[{"href":"https:\/\/www.adcolegage.com\/es\/wp-json\/wp\/v2\/types\/page"}],"author":[{"embeddable":true,"href":"https:\/\/www.adcolegage.com\/es\/wp-json\/wp\/v2\/users\/1"}],"replies":[{"embeddable":true,"href":"https:\/\/www.adcolegage.com\/es\/wp-json\/wp\/v2\/comments?post=3"}],"version-history":[{"count":0,"href":"https:\/\/www.adcolegage.com\/es\/wp-json\/wp\/v2\/pages\/3\/revisions"}],"wp:attachment":[{"href":"https:\/\/www.adcolegage.com\/es\/wp-json\/wp\/v2\/media?parent=3"}],"curies":[{"name":"wp","href":"https:\/\/api.w.org\/{rel}","templated":true}]}}